{"id":312,"date":"2024-12-05T18:39:47","date_gmt":"2024-12-05T23:39:47","guid":{"rendered":"https:\/\/ententeinsurance.ca\/assurance-dentaire\/"},"modified":"2025-11-17T12:40:13","modified_gmt":"2025-11-17T17:40:13","slug":"assurance-dentaire","status":"publish","type":"page","link":"https:\/\/ententeinsurance.ca\/fr\/assurance-dentaire\/","title":{"rendered":"Assurance dentaire"},"content":{"rendered":"\t\t<div data-elementor-type=\"wp-page\" data-elementor-id=\"312\" class=\"elementor elementor-312 elementor-136\" data-elementor-post-type=\"page\">\n\t\t\t\t<div class=\"elementor-element elementor-element-4fc9d824 bg-pri heading-banner e-flex e-con-boxed e-con e-parent\" data-id=\"4fc9d824\" data-element_type=\"container\" data-e-type=\"container\">\n\t\t\t\t\t<div class=\"e-con-inner\">\n\t\t\t\t<div class=\"elementor-element elementor-element-50bd7f9 elementor-position-left elementor-vertical-align-middle heading-banner-title elementor-widget elementor-widget-image-box\" data-id=\"50bd7f9\" data-element_type=\"widget\" data-e-type=\"widget\" data-widget_type=\"image-box.default\">\n\t\t\t\t<div class=\"elementor-widget-container\">\n\t\t\t\t\t<div class=\"elementor-image-box-wrapper\"><figure class=\"elementor-image-box-img\"><img loading=\"lazy\" decoding=\"async\" width=\"1\" height=\"1\" src=\"https:\/\/ententeinsurance.ca\/wp-content\/uploads\/2024\/12\/dental-icon-large.svg\" class=\"attachment-full size-full wp-image-138\" alt=\"\" \/><\/figure><div class=\"elementor-image-box-content\"><h1 class=\"elementor-image-box-title\">Assurance dentaire<\/h1><\/div><\/div>\t\t\t\t<\/div>\n\t\t\t\t<\/div>\n\t\t\t\t\t<\/div>\n\t\t\t\t<\/div>\n\t\t<div class=\"elementor-element elementor-element-37ee2c93 e-flex e-con-boxed e-con e-parent\" data-id=\"37ee2c93\" data-element_type=\"container\" data-e-type=\"container\">\n\t\t\t\t\t<div class=\"e-con-inner\">\n\t\t\t\t<div class=\"elementor-element elementor-element-29cec142 elementor-widget elementor-widget-breadcrumbs\" data-id=\"29cec142\" data-element_type=\"widget\" data-e-type=\"widget\" data-widget_type=\"breadcrumbs.default\">\n\t\t\t\t<div class=\"elementor-widget-container\">\n\t\t\t\t\t<p id=\"breadcrumbs\"><span><span><a href=\"https:\/\/ententeinsurance.ca\/fr\/\">Accueil<\/a><\/span><\/span><\/p>\t\t\t\t<\/div>\n\t\t\t\t<\/div>\n\t\t\t\t<div class=\"elementor-element elementor-element-5d10e9ba page-intro-para elementor-widget elementor-widget-text-editor\" data-id=\"5d10e9ba\" data-element_type=\"widget\" data-e-type=\"widget\" data-widget_type=\"text-editor.default\">\n\t\t\t\t<div class=\"elementor-widget-container\">\n\t\t\t\t\t\t\t\t\t<p>Notre assurance dentaire couvre les proc\u00e9dures effectu\u00e9es par un dentiste, un denturologiste ou un hygi\u00e9niste dentaire. De plus, les membres sont couverts pour les soins admissibles n\u00e9cessaires en voyage.<\/p>\t\t\t\t\t\t\t\t<\/div>\n\t\t\t\t<\/div>\n\t\t\t\t<div class=\"elementor-element elementor-element-447c144b color-pr elementor-widget elementor-widget-heading\" data-id=\"447c144b\" data-element_type=\"widget\" data-e-type=\"widget\" data-widget_type=\"heading.default\">\n\t\t\t\t<div class=\"elementor-widget-container\">\n\t\t\t\t\t<h2 class=\"elementor-heading-title elementor-size-default\">D\u00e9tails de la protection offerte<\/h2>\t\t\t\t<\/div>\n\t\t\t\t<\/div>\n\t\t\t\t<div class=\"elementor-element elementor-element-113e3736 elementor-position-inline-start color-pr dwnld-guide-icon elementor-view-default elementor-mobile-position-block-start elementor-widget elementor-widget-icon-box\" data-id=\"113e3736\" data-element_type=\"widget\" data-e-type=\"widget\" data-widget_type=\"icon-box.default\">\n\t\t\t\t<div class=\"elementor-widget-container\">\n\t\t\t\t\t\t\t<div class=\"elementor-icon-box-wrapper\">\n\n\t\t\t\t\t\t<div class=\"elementor-icon-box-icon\">\n\t\t\t\t<a href=\"https:\/\/ententeinsurance.ca\/media\/Entente-Informations-Sur-Le-Regime.pdf\" target=\"_blank\" class=\"elementor-icon\" tabindex=\"-1\" aria-label=\"T\u00e9l\u00e9charger les d\u00e9tails complets du r\u00e9gime \">\n\t\t\t\t<svg xmlns=\"http:\/\/www.w3.org\/2000\/svg\" id=\"downloads\" width=\"24\" height=\"24\" viewBox=\"0 0 24 24\"><g id=\"Group_16\" data-name=\"Group 16\" transform=\"translate(0 0)\"><g id=\"Group_15\" data-name=\"Group 15\" transform=\"translate(0 0)\"><g id=\"Group_14\" data-name=\"Group 14\"><path id=\"Path_23\" data-name=\"Path 23\" d=\"M18.667,24H5.333A5.334,5.334,0,0,1,0,18.667V17.333a1.333,1.333,0,1,1,2.667,0v1.333a2.667,2.667,0,0,0,2.667,2.667H18.667a2.667,2.667,0,0,0,2.667-2.667V17.333a1.333,1.333,0,1,1,2.667,0v1.333A5.334,5.334,0,0,1,18.667,24ZM12,18.667a1.329,1.329,0,0,1-.931-.379h0l0,0h0l0,0h0l0,0L5.724,12.943a1.333,1.333,0,1,1,1.886-1.886l3.057,3.057V1.333a1.333,1.333,0,1,1,2.667,0V14.114l3.057-3.057a1.333,1.333,0,0,1,1.886,1.886l-5.333,5.333,0,0h0l0,0h0l0,0h0l-.045.042a1.325,1.325,0,0,1-.367.233h0a1.327,1.327,0,0,1-.517.1Z\" transform=\"translate(0 0)\" fill=\"#b00104\"><\/path><\/g><\/g><\/g><\/svg>\t\t\t\t<\/a>\n\t\t\t<\/div>\n\t\t\t\n\t\t\t\t\t\t<div class=\"elementor-icon-box-content\">\n\n\t\t\t\t\t\t\t\t\t<p class=\"elementor-icon-box-title\">\n\t\t\t\t\t\t<a href=\"https:\/\/ententeinsurance.ca\/media\/Entente-Informations-Sur-Le-Regime.pdf\" target=\"_blank\" >\n\t\t\t\t\t\t\tT\u00e9l\u00e9charger les d\u00e9tails complets du r\u00e9gime \t\t\t\t\t\t<\/a>\n\t\t\t\t\t<\/p>\n\t\t\t\t\n\t\t\t\t\n\t\t\t<\/div>\n\t\t\t\n\t\t<\/div>\n\t\t\t\t\t\t<\/div>\n\t\t\t\t<\/div>\n\t\t\t\t<div class=\"elementor-element elementor-element-75c3f1b3 elementor-widget elementor-widget-shortcode\" data-id=\"75c3f1b3\" data-element_type=\"widget\" data-e-type=\"widget\" data-widget_type=\"shortcode.default\">\n\t\t\t\t<div class=\"elementor-widget-container\">\n\t\t\t\t\t\t\t<div class=\"elementor-shortcode\">\t\n\t<div class=\"container-fluid plan-desc-wrap style_2\">\n  <div class=\"row\">\n    <div class=\"col-12\">\n\t\t\t\t\t \n<div class=\"insr-img-title-wrap\" id=\"accordian-link-1\">\n        <div class=\"img-title-wrap d-flex align-items-center \">\n\t\t\t          <h3 class=\"mb-0\">Soins dentaires de base et de pr\u00e9vention<\/h3>\n        <\/div> \n\t\t<div class=\"outer-desc \">\n\t\t        <div class=\"desc \"> <h3>Soins dentaires de base et de pr\u00e9vention<\/h3>\n<ul>\n<li>Remboursement \u00e0 85 %<\/li>\n<li>Examen bucco-dentaire standard, polissage et radiographie tous les neuf mois<\/li>\n<li>Application topique de fluorure une fois toutes les trois ann\u00e9es civiles cons\u00e9cutives<\/li>\n<li>Extractions chirurgicales de dents et de racines, ablation de tumeurs et de kystes et drainage d\u2019abc\u00e8s<\/li>\n<li>Anesth\u00e9sie g\u00e9n\u00e9rale<\/li>\n<li>Ajustement, r\u00e9parations ou rebasage de proth\u00e8ses dentaires<\/li>\n<li>Jusqu\u2019\u00e0 huit unit\u00e9s de d\u00e9tartrage par ann\u00e9e civile<\/li>\n<\/ul>\n<h3>Restaurations mineures<\/h3>\n<ul>\n<li>Remboursement \u00e0 80 %<\/li>\n<li>800 $ par personne, par ann\u00e9e civile<\/li>\n<li>Endodontie et parodontie, y compris le traitement des maladies de la pulpe dentaire, traitement de canal et traitement des os et des tissus.<\/li>\n<li>Chirurgies d\u2019implants dentaires<\/li>\n<\/ul>\n<h3>Restaurations extensives<\/h3>\n<ul>\n<li>Remboursement \u00e0 50 %<\/li>\n<li>800 $ par personne et par ann\u00e9e civile pour les couronnes, les piliers, les incrustations profondes et en surface.<\/li>\n<li>800 $ par personne et par ann\u00e9e civile pour l\u2019installation ou la r\u00e9paration de ponts et de proth\u00e8ses permanentes<\/li>\n<\/ul>\n<\/div>\n\t\t      <\/div>\n\t  <\/div>\n\t\t\t\t\t\t<\/div>\n  <\/div>\n<\/div>\n\t\t\t\t<div data-elementor-type=\"container\" data-elementor-id=\"307\" class=\"elementor elementor-307 elementor-273 elementor-273\" data-elementor-post-type=\"elementor_library\">\n\t\t\t\t<div class=\"elementor-element elementor-element-213e121a e-flex e-con-boxed e-con e-parent\" data-id=\"213e121a\" data-element_type=\"container\" data-e-type=\"container\">\n\t\t\t\t\t<div class=\"e-con-inner\">\n\t\t\t\t<div class=\"elementor-element elementor-element-55fa28d8 color-pr elementor-widget elementor-widget-heading\" data-id=\"55fa28d8\" data-element_type=\"widget\" data-e-type=\"widget\" data-widget_type=\"heading.default\">\n\t\t\t\t<div class=\"elementor-widget-container\">\n\t\t\t\t\t<h2 class=\"elementor-heading-title elementor-size-default\">Ajoutez de la valeur pour vos membres ou vos employ\u00e9s<\/h2>\t\t\t\t<\/div>\n\t\t\t\t<\/div>\n\t\t<div class=\"elementor-element elementor-element-32f559a4 e-con-full e-flex e-con e-child\" data-id=\"32f559a4\" data-element_type=\"container\" data-e-type=\"container\">\n\t\t<div class=\"elementor-element elementor-element-68cc47b1 e-con-full e-flex e-con e-child\" data-id=\"68cc47b1\" data-element_type=\"container\" data-e-type=\"container\">\n\t\t\t\t<div class=\"elementor-element elementor-element-2119b071 elementor-widget elementor-widget-image\" data-id=\"2119b071\" data-element_type=\"widget\" data-e-type=\"widget\" data-widget_type=\"image.default\">\n\t\t\t\t<div class=\"elementor-widget-container\">\n\t\t\t\t\t\t\t\t\t\t\t\t\t\t\t<img loading=\"lazy\" decoding=\"async\" width=\"729\" height=\"620\" src=\"https:\/\/ententeinsurance.ca\/media\/value-for-members.jpg\" class=\"attachment-large size-large wp-image-287\" alt=\"\" \/>\t\t\t\t\t\t\t\t\t\t\t\t\t\t\t<\/div>\n\t\t\t\t<\/div>\n\t\t\t\t<\/div>\n\t\t<div class=\"elementor-element elementor-element-19796710 e-con-full e-flex e-con e-child\" data-id=\"19796710\" data-element_type=\"container\" data-e-type=\"container\">\n\t\t\t\t<div class=\"elementor-element elementor-element-2095d484 elementor-position-left img-pri-color img-box elementor-position-left elementor-vertical-align-top elementor-widget elementor-widget-image-box\" data-id=\"2095d484\" data-element_type=\"widget\" data-e-type=\"widget\" data-widget_type=\"image-box.default\">\n\t\t\t\t<div class=\"elementor-widget-container\">\n\t\t\t\t\t<div class=\"elementor-image-box-wrapper\"><figure class=\"elementor-image-box-img\"><img loading=\"lazy\" decoding=\"async\" width=\"78\" height=\"78\" src=\"https:\/\/ententeinsurance.ca\/wp-content\/uploads\/2024\/12\/shield-trust.svg\" class=\"attachment-full size-full wp-image-291\" alt=\"\" \/><\/figure><div class=\"elementor-image-box-content\"><h3 class=\"elementor-image-box-title\">Processus d\u2019inscription simplifi\u00e9 <\/h3><p class=\"elementor-image-box-description\">Possibilit\u00e9 d\u2019\u00e9viter les questionnaires m\u00e9dicaux et de faciliter les transitions \u00e0 partir des r\u00e9gimes collectifs existants.<\/p><\/div><\/div>\t\t\t\t<\/div>\n\t\t\t\t<\/div>\n\t\t\t\t<div class=\"elementor-element elementor-element-e0e00bf elementor-position-left img-pri-color img-box elementor-position-left elementor-vertical-align-top elementor-widget elementor-widget-image-box\" data-id=\"e0e00bf\" data-element_type=\"widget\" data-e-type=\"widget\" data-widget_type=\"image-box.default\">\n\t\t\t\t<div class=\"elementor-widget-container\">\n\t\t\t\t\t<div class=\"elementor-image-box-wrapper\"><figure class=\"elementor-image-box-img\"><img loading=\"lazy\" decoding=\"async\" width=\"78\" height=\"78\" src=\"https:\/\/ententeinsurance.ca\/wp-content\/uploads\/2024\/12\/shield-trust.svg\" class=\"attachment-full size-full wp-image-291\" alt=\"\" \/><\/figure><div class=\"elementor-image-box-content\"><h3 class=\"elementor-image-box-title\">Une protection sens\u00e9e <\/h3><p class=\"elementor-image-box-description\">Protection individuelle, de couple ou familiale disponible. De plus, une assurance voyage compl\u00e8te. <\/p><\/div><\/div>\t\t\t\t<\/div>\n\t\t\t\t<\/div>\n\t\t\t\t<div class=\"elementor-element elementor-element-49a00c2f elementor-position-left img-pri-color img-box elementor-position-left elementor-vertical-align-top elementor-widget elementor-widget-image-box\" data-id=\"49a00c2f\" data-element_type=\"widget\" data-e-type=\"widget\" data-widget_type=\"image-box.default\">\n\t\t\t\t<div class=\"elementor-widget-container\">\n\t\t\t\t\t<div class=\"elementor-image-box-wrapper\"><figure class=\"elementor-image-box-img\"><img loading=\"lazy\" decoding=\"async\" width=\"78\" height=\"78\" src=\"https:\/\/ententeinsurance.ca\/wp-content\/uploads\/2024\/12\/shield-trust.svg\" class=\"attachment-full size-full wp-image-291\" alt=\"\" \/><\/figure><div class=\"elementor-image-box-content\"><h3 class=\"elementor-image-box-title\">Une protection fiable<\/h3><p class=\"elementor-image-box-description\">Gr\u00e2ce \u00e0 la r\u00e9partition des risques au sein de notre r\u00e9seau comptant plus de 100 000 participants, vous pouvez offrir l\u2019avantage d\u2019une protection stable aux membres de votre organisation.<\/p><\/div><\/div>\t\t\t\t<\/div>\n\t\t\t\t<\/div>\n\t\t\t\t<\/div>\n\t\t\t\t<\/div>\n\t\t\t\t<div class=\"elementor-element elementor-element-53e86ee9 cmn-btn elementor-align-center elementor-widget elementor-widget-button\" data-id=\"53e86ee9\" data-element_type=\"widget\" data-e-type=\"widget\" data-widget_type=\"button.default\">\n\t\t\t\t<div class=\"elementor-widget-container\">\n\t\t\t\t\t\t\t\t\t<div class=\"elementor-button-wrapper\">\n\t\t\t\t\t<a class=\"elementor-button elementor-button-link elementor-size-sm\" href=\"\/fr\/a-propos\/\">\n\t\t\t\t\t\t<span class=\"elementor-button-content-wrapper\">\n\t\t\t\t\t\t\t\t\t<span class=\"elementor-button-text\">En savoir plus<\/span>\n\t\t\t\t\t<\/span>\n\t\t\t\t\t<\/a>\n\t\t\t\t<\/div>\n\t\t\t\t\t\t\t\t<\/div>\n\t\t\t\t<\/div>\n\t\t\t\t\t<\/div>\n\t\t\t\t<\/div>\n\t\t\t\t<\/div>\n\t\t<\/div>\n\t\t\t\t\t\t<\/div>\n\t\t\t\t<\/div>\n\t\t\t\t\t<\/div>\n\t\t\t\t<\/div>\n\t\t<div class=\"elementor-element elementor-element-5c73c46 e-con-full e-flex e-con e-parent\" data-id=\"5c73c46\" data-element_type=\"container\" data-e-type=\"container\">\n\t\t\t\t<div class=\"elementor-element elementor-element-8a93f81 elementor-widget elementor-widget-shortcode\" data-id=\"8a93f81\" data-element_type=\"widget\" data-e-type=\"widget\" data-widget_type=\"shortcode.default\">\n\t\t\t\t<div class=\"elementor-widget-container\">\n\t\t\t\t\t\t\t<div class=\"elementor-shortcode\">\t\t<div data-elementor-type=\"container\" data-elementor-id=\"311\" class=\"elementor elementor-311 elementor-296 elementor-296\" data-elementor-post-type=\"elementor_library\">\n\t\t\t\t<div class=\"elementor-element elementor-element-1c5e4a5 bg-pri e-flex e-con-boxed e-con e-parent\" data-id=\"1c5e4a5\" data-element_type=\"container\" data-e-type=\"container\">\n\t\t\t\t\t<div class=\"e-con-inner\">\n\t\t<div class=\"elementor-element elementor-element-4c984d8 e-con-full e-flex e-con e-child\" data-id=\"4c984d8\" data-element_type=\"container\" data-e-type=\"container\">\n\t\t\t\t<div class=\"elementor-element elementor-element-1ce19c9 elementor-widget__width-initial elementor-widget elementor-widget-heading\" data-id=\"1ce19c9\" data-element_type=\"widget\" data-e-type=\"widget\" data-widget_type=\"heading.default\">\n\t\t\t\t<div class=\"elementor-widget-container\">\n\t\t\t\t\t<h2 class=\"elementor-heading-title elementor-size-default\">Int\u00e9ress\u00e9 \u00e0 explorer la possibilit\u00e9 d\u2019une assurance collective pour vos membres ou vos employ\u00e9s?<\/h2>\t\t\t\t<\/div>\n\t\t\t\t<\/div>\n\t\t\t\t<div class=\"elementor-element elementor-element-e05c977 secondary-btn elementor-widget elementor-widget-button\" data-id=\"e05c977\" data-element_type=\"widget\" data-e-type=\"widget\" data-widget_type=\"button.default\">\n\t\t\t\t<div class=\"elementor-widget-container\">\n\t\t\t\t\t\t\t\t\t<div class=\"elementor-button-wrapper\">\n\t\t\t\t\t<a class=\"elementor-button elementor-button-link elementor-size-sm\" href=\"\/fr\/contacter\/\">\n\t\t\t\t\t\t<span class=\"elementor-button-content-wrapper\">\n\t\t\t\t\t\t\t\t\t<span class=\"elementor-button-text\">Contactez-nous<\/span>\n\t\t\t\t\t<\/span>\n\t\t\t\t\t<\/a>\n\t\t\t\t<\/div>\n\t\t\t\t\t\t\t\t<\/div>\n\t\t\t\t<\/div>\n\t\t\t\t<\/div>\n\t\t<div class=\"elementor-element elementor-element-c8990e4 e-con-full e-flex e-con e-child\" data-id=\"c8990e4\" data-element_type=\"container\" data-e-type=\"container\">\n\t\t\t\t<div class=\"elementor-element elementor-element-1e297c4 elementor-widget elementor-widget-image\" data-id=\"1e297c4\" data-element_type=\"widget\" data-e-type=\"widget\" data-widget_type=\"image.default\">\n\t\t\t\t<div class=\"elementor-widget-container\">\n\t\t\t\t\t\t\t\t\t\t\t\t\t\t\t<img loading=\"lazy\" decoding=\"async\" width=\"800\" height=\"620\" src=\"https:\/\/ententeinsurance.ca\/wp-content\/uploads\/2025\/01\/group-insurance-1.png\" class=\"attachment-large size-large wp-image-385\" alt=\"\" srcset=\"https:\/\/ententeinsurance.ca\/wp-content\/uploads\/2025\/01\/group-insurance-1.png 919w, https:\/\/ententeinsurance.ca\/wp-content\/uploads\/2025\/01\/group-insurance-1-300x232.png 300w, https:\/\/ententeinsurance.ca\/wp-content\/uploads\/2025\/01\/group-insurance-1-768x595.png 768w\" sizes=\"auto, (max-width: 800px) 100vw, 800px\" \/>\t\t\t\t\t\t\t\t\t\t\t\t\t\t\t<\/div>\n\t\t\t\t<\/div>\n\t\t\t\t<\/div>\n\t\t\t\t\t<\/div>\n\t\t\t\t<\/div>\n\t\t\t\t<\/div>\n\t\t<\/div>\n\t\t\t\t\t\t<\/div>\n\t\t\t\t<\/div>\n\t\t\t\t<\/div>\n\t\t\t\t<\/div>\n\t\t","protected":false},"excerpt":{"rendered":"<p>Assurance dentaire Notre assurance dentaire couvre les proc\u00e9dures effectu\u00e9es par un dentiste, un denturologiste ou un hygi\u00e9niste dentaire. De plus, les membres sont couverts pour les soins admissibles n\u00e9cessaires en voyage. D\u00e9tails de la protection offerte T\u00e9l\u00e9charger les d\u00e9tails complets du r\u00e9gime<\/p>\n","protected":false},"author":4,"featured_media":0,"parent":0,"menu_order":0,"comment_status":"closed","ping_status":"closed","template":"","meta":{"_acf_changed":false,"inline_featured_image":false,"footnotes":""},"class_list":["post-312","page","type-page","status-publish","hentry"],"acf":[],"yoast_head":"<!-- This site is optimized with the Yoast SEO plugin v27.4 - https:\/\/yoast.com\/product\/yoast-seo-wordpress\/ -->\n<title>Assurance dentaire - Entente assurance collective pour les organisations<\/title>\n<meta name=\"robots\" content=\"noindex, follow, max-snippet:-1, max-image-preview:large, max-video-preview:-1\" \/>\n<meta property=\"og:locale\" content=\"fr_FR\" \/>\n<meta property=\"og:type\" content=\"article\" \/>\n<meta property=\"og:title\" content=\"Assurance dentaire - Entente assurance collective pour les organisations\" \/>\n<meta property=\"og:description\" content=\"Assurance dentaire Notre assurance dentaire couvre les proc\u00e9dures effectu\u00e9es par un dentiste, un denturologiste ou un hygi\u00e9niste dentaire. De plus, les membres sont couverts pour les soins admissibles n\u00e9cessaires en voyage. D\u00e9tails de la protection offerte T\u00e9l\u00e9charger les d\u00e9tails complets du r\u00e9gime\" \/>\n<meta property=\"og:url\" content=\"https:\/\/ententeinsurance.ca\/fr\/assurance-dentaire\/\" \/>\n<meta property=\"og:site_name\" content=\"Entente assurance collective pour les organisations\" \/>\n<meta property=\"article:modified_time\" content=\"2025-11-17T17:40:13+00:00\" \/>\n<meta property=\"og:image\" content=\"https:\/\/ententeinsurance.ca\/wp-content\/uploads\/2024\/12\/dental-icon-large.svg\" \/>\n<meta name=\"twitter:card\" content=\"summary_large_image\" \/>\n<meta name=\"twitter:label1\" content=\"Dur\u00e9e de lecture estim\u00e9e\" \/>\n\t<meta name=\"twitter:data1\" content=\"1 minute\" \/>\n<script type=\"application\/ld+json\" class=\"yoast-schema-graph\">{\"@context\":\"https:\\\/\\\/schema.org\",\"@graph\":[{\"@type\":\"WebPage\",\"@id\":\"https:\\\/\\\/ententeinsurance.ca\\\/fr\\\/assurance-dentaire\\\/\",\"url\":\"https:\\\/\\\/ententeinsurance.ca\\\/fr\\\/assurance-dentaire\\\/\",\"name\":\"Assurance dentaire - Entente assurance collective pour les organisations\",\"isPartOf\":{\"@id\":\"https:\\\/\\\/ententeinsurance.ca\\\/fr\\\/#website\"},\"primaryImageOfPage\":{\"@id\":\"https:\\\/\\\/ententeinsurance.ca\\\/fr\\\/assurance-dentaire\\\/#primaryimage\"},\"image\":{\"@id\":\"https:\\\/\\\/ententeinsurance.ca\\\/fr\\\/assurance-dentaire\\\/#primaryimage\"},\"thumbnailUrl\":\"https:\\\/\\\/ententeinsurance.ca\\\/wp-content\\\/uploads\\\/2024\\\/12\\\/dental-icon-large.svg\",\"datePublished\":\"2024-12-05T23:39:47+00:00\",\"dateModified\":\"2025-11-17T17:40:13+00:00\",\"breadcrumb\":{\"@id\":\"https:\\\/\\\/ententeinsurance.ca\\\/fr\\\/assurance-dentaire\\\/#breadcrumb\"},\"inLanguage\":\"fr-FR\",\"potentialAction\":[{\"@type\":\"ReadAction\",\"target\":[\"https:\\\/\\\/ententeinsurance.ca\\\/fr\\\/assurance-dentaire\\\/\"]}]},{\"@type\":\"ImageObject\",\"inLanguage\":\"fr-FR\",\"@id\":\"https:\\\/\\\/ententeinsurance.ca\\\/fr\\\/assurance-dentaire\\\/#primaryimage\",\"url\":\"https:\\\/\\\/ententeinsurance.ca\\\/wp-content\\\/uploads\\\/2024\\\/12\\\/dental-icon-large.svg\",\"contentUrl\":\"https:\\\/\\\/ententeinsurance.ca\\\/wp-content\\\/uploads\\\/2024\\\/12\\\/dental-icon-large.svg\"},{\"@type\":\"BreadcrumbList\",\"@id\":\"https:\\\/\\\/ententeinsurance.ca\\\/fr\\\/assurance-dentaire\\\/#breadcrumb\",\"itemListElement\":[{\"@type\":\"ListItem\",\"position\":1,\"name\":\"Accueil\",\"item\":\"https:\\\/\\\/ententeinsurance.ca\\\/fr\\\/\"},{\"@type\":\"ListItem\",\"position\":2,\"name\":\"Assurance dentaire\"}]},{\"@type\":\"WebSite\",\"@id\":\"https:\\\/\\\/ententeinsurance.ca\\\/fr\\\/#website\",\"url\":\"https:\\\/\\\/ententeinsurance.ca\\\/fr\\\/\",\"name\":\"Entente assurance collective pour les organisations\",\"description\":\"\",\"potentialAction\":[{\"@type\":\"SearchAction\",\"target\":{\"@type\":\"EntryPoint\",\"urlTemplate\":\"https:\\\/\\\/ententeinsurance.ca\\\/fr\\\/?s={search_term_string}\"},\"query-input\":{\"@type\":\"PropertyValueSpecification\",\"valueRequired\":true,\"valueName\":\"search_term_string\"}}],\"inLanguage\":\"fr-FR\"}]}<\/script>\n<!-- \/ Yoast SEO plugin. -->","yoast_head_json":{"title":"Assurance dentaire - Entente assurance collective pour les organisations","robots":{"index":"noindex","follow":"follow","max-snippet":"max-snippet:-1","max-image-preview":"max-image-preview:large","max-video-preview":"max-video-preview:-1"},"og_locale":"fr_FR","og_type":"article","og_title":"Assurance dentaire - Entente assurance collective pour les organisations","og_description":"Assurance dentaire Notre assurance dentaire couvre les proc\u00e9dures effectu\u00e9es par un dentiste, un denturologiste ou un hygi\u00e9niste dentaire. De plus, les membres sont couverts pour les soins admissibles n\u00e9cessaires en voyage. D\u00e9tails de la protection offerte T\u00e9l\u00e9charger les d\u00e9tails complets du r\u00e9gime","og_url":"https:\/\/ententeinsurance.ca\/fr\/assurance-dentaire\/","og_site_name":"Entente assurance collective pour les organisations","article_modified_time":"2025-11-17T17:40:13+00:00","og_image":[{"url":"https:\/\/ententeinsurance.ca\/wp-content\/uploads\/2024\/12\/dental-icon-large.svg","type":"","width":"","height":""}],"twitter_card":"summary_large_image","twitter_misc":{"Dur\u00e9e de lecture estim\u00e9e":"1 minute"},"schema":{"@context":"https:\/\/schema.org","@graph":[{"@type":"WebPage","@id":"https:\/\/ententeinsurance.ca\/fr\/assurance-dentaire\/","url":"https:\/\/ententeinsurance.ca\/fr\/assurance-dentaire\/","name":"Assurance dentaire - Entente assurance collective pour les organisations","isPartOf":{"@id":"https:\/\/ententeinsurance.ca\/fr\/#website"},"primaryImageOfPage":{"@id":"https:\/\/ententeinsurance.ca\/fr\/assurance-dentaire\/#primaryimage"},"image":{"@id":"https:\/\/ententeinsurance.ca\/fr\/assurance-dentaire\/#primaryimage"},"thumbnailUrl":"https:\/\/ententeinsurance.ca\/wp-content\/uploads\/2024\/12\/dental-icon-large.svg","datePublished":"2024-12-05T23:39:47+00:00","dateModified":"2025-11-17T17:40:13+00:00","breadcrumb":{"@id":"https:\/\/ententeinsurance.ca\/fr\/assurance-dentaire\/#breadcrumb"},"inLanguage":"fr-FR","potentialAction":[{"@type":"ReadAction","target":["https:\/\/ententeinsurance.ca\/fr\/assurance-dentaire\/"]}]},{"@type":"ImageObject","inLanguage":"fr-FR","@id":"https:\/\/ententeinsurance.ca\/fr\/assurance-dentaire\/#primaryimage","url":"https:\/\/ententeinsurance.ca\/wp-content\/uploads\/2024\/12\/dental-icon-large.svg","contentUrl":"https:\/\/ententeinsurance.ca\/wp-content\/uploads\/2024\/12\/dental-icon-large.svg"},{"@type":"BreadcrumbList","@id":"https:\/\/ententeinsurance.ca\/fr\/assurance-dentaire\/#breadcrumb","itemListElement":[{"@type":"ListItem","position":1,"name":"Accueil","item":"https:\/\/ententeinsurance.ca\/fr\/"},{"@type":"ListItem","position":2,"name":"Assurance dentaire"}]},{"@type":"WebSite","@id":"https:\/\/ententeinsurance.ca\/fr\/#website","url":"https:\/\/ententeinsurance.ca\/fr\/","name":"Entente assurance collective pour les organisations","description":"","potentialAction":[{"@type":"SearchAction","target":{"@type":"EntryPoint","urlTemplate":"https:\/\/ententeinsurance.ca\/fr\/?s={search_term_string}"},"query-input":{"@type":"PropertyValueSpecification","valueRequired":true,"valueName":"search_term_string"}}],"inLanguage":"fr-FR"}]}},"_links":{"self":[{"href":"https:\/\/ententeinsurance.ca\/fr\/wp-json\/wp\/v2\/pages\/312","targetHints":{"allow":["GET"]}}],"collection":[{"href":"https:\/\/ententeinsurance.ca\/fr\/wp-json\/wp\/v2\/pages"}],"about":[{"href":"https:\/\/ententeinsurance.ca\/fr\/wp-json\/wp\/v2\/types\/page"}],"author":[{"embeddable":true,"href":"https:\/\/ententeinsurance.ca\/fr\/wp-json\/wp\/v2\/users\/4"}],"replies":[{"embeddable":true,"href":"https:\/\/ententeinsurance.ca\/fr\/wp-json\/wp\/v2\/comments?post=312"}],"version-history":[{"count":0,"href":"https:\/\/ententeinsurance.ca\/fr\/wp-json\/wp\/v2\/pages\/312\/revisions"}],"wp:attachment":[{"href":"https:\/\/ententeinsurance.ca\/fr\/wp-json\/wp\/v2\/media?parent=312"}],"curies":[{"name":"wp","href":"https:\/\/api.w.org\/{rel}","templated":true}]}}